{"id":112,"date":"2021-08-05T12:43:34","date_gmt":"2021-08-05T09:43:34","guid":{"rendered":"https:\/\/www.integralbureau.com\/eng\/?page_id=112"},"modified":"2024-06-07T11:22:32","modified_gmt":"2024-06-07T08:22:32","slug":"brcgs-registered-trainings","status":"publish","type":"page","link":"https:\/\/www.integralbureau.com\/eng\/brcgs-registered-trainings\/","title":{"rendered":"BRCGS Registered Trainings"},"content":{"rendered":"<p><section class=\"kc-elm kc-css-139058 kc_row\"><div class=\"kc-row-container  kc-container\"><div class=\"kc-wrap-columns\"><div class=\"kc-elm kc-css-453802 kc_col-sm-12 kc_column kc_col-sm-12\"><div class=\"kc-col-container\">  <div class=\"section-title  section-title-69df2bfe60d59 \">\r\n      <span>INTEGRAL BUREAU<\/span>\r\n      <h2>BRCGS ONAYLI E\u011e\u0130T\u0130MLER<\/h2>\r\n  <\/div>\r\n   <div class=\"kc-elm kc-css-505093 kc-raw-code\"><script src=\"\/\/code.jivosite.com\/widget\/ceillE9uQ4\" async><\/script><\/div><\/div><\/div><\/div><\/div><\/section><section class=\"kc-elm kc-css-216899 kc_row\"><div class=\"kc-row-container  kc-container\"><div class=\"kc-wrap-columns\"><div class=\"kc-elm kc-css-868890 kc_col-sm-4 kc_column kc_col-sm-4\"><div class=\"kc-col-container\"><div class=\"kc-elm kc-css-673934\" style=\"height: 31px; clear: both; width:100%;\"><\/div><div class=\"kc-elm kc-css-948750 kc_text_block\"><\/p>\n<blockquote>\n<h4 style=\"text-align: left;\"><a href=\"#88\"><span style=\"font-size: 24px; font-family: tahoma, arial, helvetica, sans-serif;\">BRCGS E\u011fitim Bilgileri<\/span><\/a><\/h4>\n<\/blockquote>\n<ul>\n<li><span style=\"font-family: tahoma, arial, helvetica, sans-serif; font-size: 16px;\"><a href=\"https:\/\/www.integralbureau.com\/egitimler\/brc-food-ver-8-basdenetci-egitimi\/\">BRCGS Food Ver: 8 Ba\u015fdenet\u00e7i E\u011fitimi\u00a0<\/a><\/span><\/li>\n<li><span style=\"font-family: tahoma, arial, helvetica, sans-serif; font-size: 16px;\"><a href=\"https:\/\/www.integralbureau.com\/egitimler\/ureticiler-icin-brc-food-ver-8-egitimi\/\">\u00dcreticiler i\u00e7in BRCGS Food Ver: 8 E\u011fitimi<\/a><\/span><\/li>\n<li><span style=\"font-family: tahoma, arial, helvetica, sans-serif; font-size: 16px;\"><a href=\"https:\/\/www.integralbureau.com\/egitimler\/denetciler-icin-brc-food-ver-8-egitimi\/\">Denet\u00e7iler i\u00e7in BRCGS Food Ver: 8 E\u011fitimi<\/a><\/span><\/li>\n<li><span style=\"font-family: tahoma, arial, helvetica, sans-serif; font-size: 16px;\"><a href=\"https:\/\/www.integralbureau.com\/\/egitimler\/brc-food-ver-8-ic-denetci-egitimi\/\">BRCGS Food Ver: 8 \u0130\u00e7 Denet\u00e7i E\u011fitimi<\/a><\/span><\/li>\n<li><span style=\"font-family: tahoma, arial, helvetica, sans-serif; font-size: 16px;\"><a href=\"https:\/\/www.integralbureau.com\/egitimler\/brcgs-uretici-ambalaj-egitimi\/\">BRCGS Ambalaj V.6 \u00dcretici E\u011fitimi<\/a><\/span><\/li>\n<li><span style=\"font-size: 16px; font-family: tahoma, arial, helvetica, sans-serif;\"><a href=\"https:\/\/www.integralbureau.com\/egitimler\/brcgs-ambalaj-denetci-egitimi\/\">BRCGS Ambalaj V.6 Denet\u00e7i E\u011fitimi<\/a><\/span><\/li>\n<li><span style=\"font-size: 16px; font-family: tahoma, arial, helvetica, sans-serif;\"><a href=\"https:\/\/www.integralbureau.com\/egitimler\/brcgs-depolama-dagitim-egitimi\/\">BRCGS Depolama ve Da\u011f\u0131t\u0131m V.4 Tesis E\u011fitimi\u00a0<\/a><\/span><\/li>\n<li><span style=\"font-family: tahoma, arial, helvetica, sans-serif; font-size: 16px;\"><a href=\"https:\/\/www.integralbureau.com\/egitimler\/brcgs-depolama-dagitim-denetci-egitim\/\">BRCGS Depolama ve Da\u011f\u0131t\u0131m V.4 Denet\u00e7i E\u011fitimi<\/a><\/span><\/li>\n<li><span style=\"font-family: tahoma, arial, helvetica, sans-serif; font-size: 16px;\"><a href=\"https:\/\/www.integralbureau.com\/egitimler\/gecerli-kilma-ve-dogrulama-egitimi\/\">Ge\u00e7erli K\u0131lma ve Do\u011frulama E\u011fitimi<\/a><\/span><\/li>\n<li><span style=\"font-family: tahoma, arial, helvetica, sans-serif; font-size: 16px;\"><a href=\"https:\/\/www.integralbureau.com\/egitimler\/cevresel-izleme-egitimi\/\">\u00c7evresel \u0130zleme E\u011fitimi<\/a><\/span><\/li>\n<li><span style=\"font-family: tahoma, arial, helvetica, sans-serif; font-size: 16px;\"><a href=\"https:\/\/www.integralbureau.com\/egitimler\/risk-degerlendirme-egitimi\/\">Risk De\u011ferlendirme E\u011fitimi<\/a><\/span><\/li>\n<li><span style=\"font-family: tahoma, arial, helvetica, sans-serif; font-size: 16px;\"><a href=\"https:\/\/www.integralbureau.com\/egitimler\/kok-neden-analiz-egitimi\/\">K\u00f6k Neden Analiz E\u011fitimi<\/a><\/span><\/li>\n<li><span style=\"font-family: tahoma, arial, helvetica, sans-serif; font-size: 16px;\"><a href=\"https:\/\/www.integralbureau.com\/egitimler\/haacp-egitimi\/\">HACCP E\u011fitimi<\/a><\/span><\/li>\n<li><span style=\"font-family: tahoma, arial, helvetica, sans-serif; font-size: 16px;\"><a href=\"https:\/\/www.integralbureau.com\/egitimler\/gida-sahteciligi-ve-tagsis-risk-degerlendirme-egitimi\/\">G\u0131da Sahtecili\u011fi ve Ta\u011f\u015fi\u015f Risk De\u011ferlendirme E\u011fitimi<\/a><\/span><\/li>\n<li><span style=\"font-family: tahoma, arial, helvetica, sans-serif; font-size: 16px;\"><a href=\"https:\/\/www.integralbureau.com\/egitimler\/\/harpc-egtimi\/\">HARPC E\u011fitimi<\/a><\/span><\/li>\n<\/ul>\n<p>\n<\/div><div class=\"kc-elm kc-css-227404\" style=\"height: 20px; clear: both; width:100%;\"><\/div><div class=\"kc-elm kc-css-728316 kc_text_block\"><figure style=\"width: 246px\" class=\"wp-caption aligncenter\"><a href=\"https:\/\/www.brcgs.com\/media\/957624\/brcgs-corporate-brochure-screen-ready.pdf\" target=\"_blank\" rel=\"noopener noreferrer\"><img decoding=\"async\" src=\"https:\/\/www.integralbureau.com\/wp-content\/uploads\/2020\/05\/brckapak.jpg\" alt=\"\" width=\"246\" height=\"337\" \/><\/a><figcaption class=\"wp-caption-text\">BRCGS&#039;nin detayl\u0131 tan\u0131t\u0131m bro\u015f\u00fcr\u00fcne buradan ula\u015fabilirsiniz.<\/figcaption><\/figure>\n<\/p>\n<p style=\"box-sizing: border-box; margin: 0px 0px 1.5em; line-height: 1.8em; font-size: 1.125rem; font-family: Montserrat, sans-serif;\">\n<\/div><\/div><\/div><div class=\"kc-elm kc-css-967980 kc_col-sm-8 kc_column kc_col-sm-8\"><div class=\"kc-col-container\"><div class=\"kc-elm kc-css-444214 kc_text_block\"><\/p>\n<h2 style=\"text-align: center;\"><span style=\"font-family: helvetica; font-size: 24px;\"><strong>BRCGS NED\u0130R ?<\/strong><\/span><\/h2>\n<p style=\"text-align: left;\"><span style=\"font-family: helvetica;\">BRCGS, \u0130ngiltere&#039;de, 1996 y\u0131l\u0131nda tedarik zinciri boyunca g\u0131da g\u00fcvenli\u011fi standartlar\u0131n\u0131 uyumlu hale getirmek isteyen d\u00fcnyan\u0131n \u00f6nde gelen perakendecileri taraf\u0131ndan kuruldu.<\/span><\/p>\n<p><span style=\"font-family: helvetica;\">British Retail Consortium (\u0130ngiliz Perakandeciler Birli\u011fi) ad\u0131n\u0131n k\u0131salt\u0131l\u0131\u015f\u0131 olarak kurulan ticari birlik, ilk defa 1998 y\u0131l\u0131nda BRC Teknik Standard\u0131n\u0131 yay\u0131nland\u0131.<\/span><\/p>\n<p><span style=\"font-family: helvetica;\">En son 2018 y\u0131l\u0131nda 8. Versiyonunu yay\u0131nlayan kurulu\u015f, <span class=\"translation-word \">2016<\/span> <span class=\"translation-word \">y\u0131l\u0131nda<\/span>\u00a0<span class=\"translation-word \">uluslararas\u0131<\/span> <span class=\"translation-word \">ya\u015fam<\/span> <span class=\"translation-word \">bilimleri<\/span> <span class=\"translation-word \">\u00f6l\u00e7\u00fcm<\/span> <span class=\"translation-word \">ve<\/span> <span class=\"translation-word \">test<\/span> <span class=\"translation-word \">\u015firketi<\/span> <span class=\"translation-word \">LGC<\/span> <span class=\"translation-word \">Group<\/span> <span class=\"translation-word \">taraf\u0131ndan<\/span> <span class=\"translation-word \">sat\u0131n<\/span> <span class=\"translation-word \">al\u0131nd\u0131. 2019 y\u0131l\u0131nda da standard\u0131n ismi amac\u0131na uygun olarak de\u011fi\u015ftirilerek, <strong><em>Brand Reputation<\/em><\/strong><em>\u00a0through\u00a0<\/em><strong><em>Compliance Global Standart\u00a0<\/em><\/strong>olarak lanse edildi.<\/span><\/span><\/p>\n<p><span style=\"font-family: helvetica;\">Bug\u00fcn, hem g\u0131da hem de g\u0131da d\u0131\u015f\u0131 kategorilerde d\u00fcnya \u00e7ap\u0131nda tan\u0131nan ve t\u00fcr\u00fcn\u00fcn en titiz \u00fc\u00e7\u00fcnc\u00fc taraf sertifikasyon \u015femas\u0131n\u0131 i\u015fleten kurulu\u015f; uluslararas\u0131 g\u0131da g\u00fcvenli\u011fi standartlar\u0131na kapsay\u0131c\u0131 bir \u00e7er\u00e7eve olu\u015fturmu\u015f, g\u0131da g\u00fcvenlik kriterleri ve takip prosed\u00fcrlerinin standardizasyonunda t\u00fcm d\u00fcnyada b\u00fcy\u00fck g\u00fcvence sa\u011flam\u0131\u015ft\u0131r. <\/span><\/p>\n<p><span style=\"font-family: helvetica;\">Bug\u00fcn BRCGS Standartlar\u0131, 130 \u00fclkede ve 30.000&#039;i a\u015fk\u0131n firma taraf\u0131ndan kullan\u0131lmaktad\u0131r. Hangi firmalar\u0131n BRCGS sertifikal\u0131 oldu\u011funu g\u00f6rmek i\u00e7in <a href=\"https:\/\/brcdirectory.co.uk\/\" target=\"_blank\" rel=\"noopener noreferrer\">&#8220;BRCGS Directory\"<\/a> portal\u0131 \u00fczerinden sorgulama yap\u0131labilmektedir.<\/span><\/p>\n<p><span style=\"font-family: helvetica;\">BRCGS, T\u00fcrkiye&#039;de firmalar\u0131n operasyonel ihtiya\u00e7lar\u0131n\u0131 kar\u015f\u0131lamak, \u00e7al\u0131\u015fanlar\u0131 bilin\u00e7lendirmek ve standard\u0131n i\u015flerli\u011fini en \u00fcst seviyede belirlemek i\u00e7in, Integral Bureau kurucu ortaklar\u0131ndan Evren Efe Kabag\u00f6z&#039;\u00fc BRCGS T\u00fcrkiye Temsilcisi olarak g\u00f6revlendirmi\u015ftir.<\/span><\/p>\n<p><span style=\"font-family: helvetica; font-size: 24px;\"><strong>BRCGS STANDARTLARI;\u00a0<\/strong><\/span><\/p>\n<blockquote>\n<ul>\n<li><span style=\"font-family: helvetica;\">G\u0131da G\u00fcvenli\u011fi<\/span><\/li>\n<li><span style=\"font-family: helvetica;\">START<\/span><\/li>\n<li><span style=\"font-family: helvetica;\">Ambalaj ve Ambalaj Malzemeleri \u0130\u00e7in Global Standartlar\u0131 &#8211; Packaging<\/span><\/li>\n<li><span style=\"font-family: helvetica;\">Depolama ve Da\u011f\u0131t\u0131m &#8211; Strorage and Distribution<\/span><\/li>\n<li><span style=\"font-family: helvetica;\">T\u00fcketici \u00dcr\u00fcnleri &#8211; Consumer Products<\/span><\/li>\n<li><span style=\"font-family: helvetica;\">Acente ve Brokerlar &#8211; Agents and Brokers<\/span><\/li>\n<li><span style=\"font-family: helvetica;\">Perakende, Retail Glutensiz &#8211; Gluten Free<\/span><\/li>\n<li><span style=\"font-family: helvetica;\">Bitki Bazl\u0131 &#8211; Plant Based<\/span><\/li>\n<li><span style=\"font-family: helvetica;\">Etik Ticaret, Sosyal Uygunluk &#8211; Trade and Responsible Sourcing<\/span><\/li>\n<\/ul>\n<\/blockquote>\n<p>\n<\/div><\/div><\/div><\/div><\/div><\/section><section class=\"kc-elm kc-css-161642 kc_row\"><div class=\"kc-row-container  kc-container\"><div class=\"kc-wrap-columns\"><div class=\"kc-elm kc-css-137045 kc_col-sm-12 kc_column kc_col-sm-12\"><div class=\"kc-col-container\"><div class=\"kc-elm kc-css-134830 kc_text_block\"><\/p>\n<p><img decoding=\"async\" class=\" aligncenter\" src=\"https:\/\/www.integralbureau.com\/wp-content\/uploads\/2020\/03\/PROPNG.png\" alt=\"\" width=\"225\" height=\"224\" \/><\/p>\n<blockquote>\n<p style=\"box-sizing: border-box; margin: 0px 0px 1.5em; line-height: 1.8em; font-size: 1.125rem; font-family: Montserrat, sans-serif;\"><span style=\"box-sizing: border-box; font-size: 24px;\"><span style=\"box-sizing: border-box; font-weight: bold;\"><span style=\"box-sizing: border-box; font-family: helvetica;\"><span style=\"font-size: 32px;\">BRCGS PROFESSIONAL PROGRAMI<\/span>\u00a0<\/span><\/span><\/span><\/p>\n<p style=\"box-sizing: border-box; margin: 0px 0px 1.5em; line-height: 1.8em; font-size: 1.125rem; font-family: Montserrat, sans-serif;\"><span style=\"box-sizing: border-box; font-family: helvetica;\">Ki\u015filerin sekt\u00f6rde son trendi takip etmesi ve fark yaratmalar\u0131 amac\u0131yla\u00a0 geli\u015ftirilmi\u015f bir e\u011fitim program\u0131d\u0131r. Kat\u0131l\u0131mc\u0131lar, t\u00fcm d\u00fcnya genelinde ge\u00e7erlili\u011fi olan ve ki\u015filerin sekt\u00f6rel konularda yetkinli\u011fe sahip olduklar\u0131n\u0131 g\u00f6steren BRCGS Professional \u00fcnvan\u0131 ve logosu edinmektedir. Programa g\u00f6re, a\u015fa\u011f\u0131daki tabloda belirtilen BRCGS onayl\u0131 e\u011fitimlerin tamamlanmas\u0131 gerekmektedir.<\/span><\/p>\n<p><img decoding=\"async\" class=\"alignnone size-large\" src=\"https:\/\/www.integralbureau.com\/wp-content\/uploads\/2021\/02\/Adsiz-removebg-preview.png\" alt=\"\" width=\"707\" height=\"353\" \/><\/p>\n<\/blockquote>\n<p>\n<\/div><div class=\"kc-elm kc-css-141582\" style=\"height: 40px; clear: both; width:100%;\"><\/div><i style=\"color:#8a2020; font-size:2em;\" id=\"icon_anime\" class=\"anime fa-microphone faa-wrench \"><\/i><\/p>\n<p><span style=\"font-weight: bold; font-size: 17px;\">Webinar<\/span><br \/>BRCGS T\u00fcrkiye Temsilcisi Evren Efe Kabag\u00f6z&#039;\u00fcn sunumu ve Professional Program M\u00fcd\u00fcr\u00fc Robert Moss&#039;un kat\u0131l\u0131m\u0131yla ger\u00e7ekle\u015fen webinardan program\u0131n t\u00fcm detaylar\u0131n\u0131 \u00f6\u011frenebilirsiniz.<\/p>\n<p>\n\t<div class=\"kc-elm kc-css-335531 kc_shortcode kc_video_play kc_video_wrapper\" data-video=\"https:\/\/www.youtube.com\/watch?v=XiHJt07HVzs\" data-width=\"750\" data-height=\"423.72881355932\" data-fullwidth=\"\" data-autoplay=\"\" data-loop=\"yes\" data-control=\"yes\" data-related=\"\" data-showinfo=\"\" data-kc-video-mute=\"\">\n\t\t\t<\/div>\n\n<div class=\"kc-elm kc-css-496571\" style=\"height: 40px; clear: both; width:100%;\"><\/div><\/div><\/div><\/div><\/div><\/section><section class=\"kc-elm kc-css-828705 kc_row\"><div class=\"kc-row-container  kc-container\"><div class=\"kc-wrap-columns\"><div class=\"kc-elm kc-css-781273 kc_col-sm-12 kc_column kc_col-sm-12\"><div class=\"kc-col-container\"><div class=\"kc-elm kc-css-106279\" style=\"height: 40px; clear: both; width:100%;\"><\/div><\/div><\/div><\/div><\/div><\/section><\/p>\n","protected":false},"excerpt":{"rendered":"","protected":false},"author":1,"featured_media":0,"parent":0,"menu_order":0,"comment_status":"closed","ping_status":"closed","template":"","meta":{"footnotes":""},"class_list":["post-112","page","type-page","status-publish","hentry"],"yoast_head":"<!-- This site is optimized with the Yoast SEO plugin v27.4 - https:\/\/yoast.com\/product\/yoast-seo-wordpress\/ -->\n<title>BRCGS Registered Trainings - Integral Bureau<\/title>\n<meta name=\"robots\" content=\"index, follow, max-snippet:-1, max-image-preview:large, max-video-preview:-1\" \/>\n<link rel=\"canonical\" href=\"https:\/\/www.integralbureau.com\/eng\/brcgs-registered-trainings\/\" \/>\n<meta property=\"og:locale\" content=\"en_US\" \/>\n<meta property=\"og:type\" content=\"article\" \/>\n<meta property=\"og:title\" content=\"BRCGS Registered Trainings - Integral Bureau\" \/>\n<meta property=\"og:description\" content=\"INTEGRAL BUREAU BRCGS ONAYLI E\u011e\u0130T\u0130MLER BRCGS E\u011fitim Bilgileri BRCGS Food Ver: 8 Ba\u015fdenet\u00e7i E\u011fitimi\u00a0 \u00dcreticiler i\u00e7in BRCGS Food Ver: 8 E\u011fitimi Denet\u00e7iler i\u00e7in BRCGS Food Ver: 8 E\u011fitimi BRCGS Food Ver: 8 \u0130\u00e7 Denet\u00e7i E\u011fitimi BRCGS Ambalaj V.6 \u00dcretici E\u011fitimi BRCGS Ambalaj V.6 Denet\u00e7i E\u011fitimi BRCGS Depolama ve Da\u011f\u0131t\u0131m V.4 Tesis E\u011fitimi\u00a0 BRCGS Depolama ve\" \/>\n<meta property=\"og:url\" content=\"https:\/\/www.integralbureau.com\/eng\/brcgs-registered-trainings\/\" \/>\n<meta property=\"og:site_name\" content=\"Integral Bureau\" \/>\n<meta property=\"article:modified_time\" content=\"2024-06-07T08:22:32+00:00\" \/>\n<meta property=\"og:image\" content=\"https:\/\/www.integralbureau.com\/wp-content\/uploads\/2020\/05\/brckapak.jpg\" \/>\n<meta name=\"twitter:card\" content=\"summary_large_image\" \/>\n<meta name=\"twitter:label1\" content=\"Est. reading time\" \/>\n\t<meta name=\"twitter:data1\" content=\"2 minutes\" \/>\n<script type=\"application\/ld+json\" class=\"yoast-schema-graph\">{\"@context\":\"https:\\\/\\\/schema.org\",\"@graph\":[{\"@type\":\"WebPage\",\"@id\":\"https:\\\/\\\/www.integralbureau.com\\\/eng\\\/brcgs-registered-trainings\\\/\",\"url\":\"https:\\\/\\\/www.integralbureau.com\\\/eng\\\/brcgs-registered-trainings\\\/\",\"name\":\"BRCGS Registered Trainings - Integral Bureau\",\"isPartOf\":{\"@id\":\"https:\\\/\\\/www.integralbureau.com\\\/eng\\\/#website\"},\"primaryImageOfPage\":{\"@id\":\"https:\\\/\\\/www.integralbureau.com\\\/eng\\\/brcgs-registered-trainings\\\/#primaryimage\"},\"image\":{\"@id\":\"https:\\\/\\\/www.integralbureau.com\\\/eng\\\/brcgs-registered-trainings\\\/#primaryimage\"},\"thumbnailUrl\":\"https:\\\/\\\/www.integralbureau.com\\\/wp-content\\\/uploads\\\/2020\\\/05\\\/brckapak.jpg\",\"datePublished\":\"2021-08-05T09:43:34+00:00\",\"dateModified\":\"2024-06-07T08:22:32+00:00\",\"breadcrumb\":{\"@id\":\"https:\\\/\\\/www.integralbureau.com\\\/eng\\\/brcgs-registered-trainings\\\/#breadcrumb\"},\"inLanguage\":\"en-US\",\"potentialAction\":[{\"@type\":\"ReadAction\",\"target\":[\"https:\\\/\\\/www.integralbureau.com\\\/eng\\\/brcgs-registered-trainings\\\/\"]}]},{\"@type\":\"ImageObject\",\"inLanguage\":\"en-US\",\"@id\":\"https:\\\/\\\/www.integralbureau.com\\\/eng\\\/brcgs-registered-trainings\\\/#primaryimage\",\"url\":\"https:\\\/\\\/www.integralbureau.com\\\/wp-content\\\/uploads\\\/2020\\\/05\\\/brckapak.jpg\",\"contentUrl\":\"https:\\\/\\\/www.integralbureau.com\\\/wp-content\\\/uploads\\\/2020\\\/05\\\/brckapak.jpg\"},{\"@type\":\"BreadcrumbList\",\"@id\":\"https:\\\/\\\/www.integralbureau.com\\\/eng\\\/brcgs-registered-trainings\\\/#breadcrumb\",\"itemListElement\":[{\"@type\":\"ListItem\",\"position\":1,\"name\":\"Anasayfa\",\"item\":\"https:\\\/\\\/www.integralbureau.com\\\/eng\\\/\"},{\"@type\":\"ListItem\",\"position\":2,\"name\":\"BRCGS Registered Trainings\"}]},{\"@type\":\"WebSite\",\"@id\":\"https:\\\/\\\/www.integralbureau.com\\\/eng\\\/#website\",\"url\":\"https:\\\/\\\/www.integralbureau.com\\\/eng\\\/\",\"name\":\"Integral Bureau\",\"description\":\"Education Consultancy Audit\",\"potentialAction\":[{\"@type\":\"SearchAction\",\"target\":{\"@type\":\"EntryPoint\",\"urlTemplate\":\"https:\\\/\\\/www.integralbureau.com\\\/eng\\\/?s={search_term_string}\"},\"query-input\":{\"@type\":\"PropertyValueSpecification\",\"valueRequired\":true,\"valueName\":\"search_term_string\"}}],\"inLanguage\":\"en-US\"}]}<\/script>\n<!-- \/ Yoast SEO plugin. -->","yoast_head_json":{"title":"BRCGS Registered Trainings - Integral Bureau","robots":{"index":"index","follow":"follow","max-snippet":"max-snippet:-1","max-image-preview":"max-image-preview:large","max-video-preview":"max-video-preview:-1"},"canonical":"https:\/\/www.integralbureau.com\/eng\/brcgs-registered-trainings\/","og_locale":"en_US","og_type":"article","og_title":"BRCGS Registered Trainings - Integral Bureau","og_description":"INTEGRAL BUREAU BRCGS ONAYLI E\u011e\u0130T\u0130MLER BRCGS E\u011fitim Bilgileri BRCGS Food Ver: 8 Ba\u015fdenet\u00e7i E\u011fitimi\u00a0 \u00dcreticiler i\u00e7in BRCGS Food Ver: 8 E\u011fitimi Denet\u00e7iler i\u00e7in BRCGS Food Ver: 8 E\u011fitimi BRCGS Food Ver: 8 \u0130\u00e7 Denet\u00e7i E\u011fitimi BRCGS Ambalaj V.6 \u00dcretici E\u011fitimi BRCGS Ambalaj V.6 Denet\u00e7i E\u011fitimi BRCGS Depolama ve Da\u011f\u0131t\u0131m V.4 Tesis E\u011fitimi\u00a0 BRCGS Depolama ve","og_url":"https:\/\/www.integralbureau.com\/eng\/brcgs-registered-trainings\/","og_site_name":"Integral Bureau","article_modified_time":"2024-06-07T08:22:32+00:00","og_image":[{"url":"https:\/\/www.integralbureau.com\/wp-content\/uploads\/2020\/05\/brckapak.jpg","type":"","width":"","height":""}],"twitter_card":"summary_large_image","twitter_misc":{"Est. reading time":"2 minutes"},"schema":{"@context":"https:\/\/schema.org","@graph":[{"@type":"WebPage","@id":"https:\/\/www.integralbureau.com\/eng\/brcgs-registered-trainings\/","url":"https:\/\/www.integralbureau.com\/eng\/brcgs-registered-trainings\/","name":"BRCGS Registered Trainings - Integral Bureau","isPartOf":{"@id":"https:\/\/www.integralbureau.com\/eng\/#website"},"primaryImageOfPage":{"@id":"https:\/\/www.integralbureau.com\/eng\/brcgs-registered-trainings\/#primaryimage"},"image":{"@id":"https:\/\/www.integralbureau.com\/eng\/brcgs-registered-trainings\/#primaryimage"},"thumbnailUrl":"https:\/\/www.integralbureau.com\/wp-content\/uploads\/2020\/05\/brckapak.jpg","datePublished":"2021-08-05T09:43:34+00:00","dateModified":"2024-06-07T08:22:32+00:00","breadcrumb":{"@id":"https:\/\/www.integralbureau.com\/eng\/brcgs-registered-trainings\/#breadcrumb"},"inLanguage":"en-US","potentialAction":[{"@type":"ReadAction","target":["https:\/\/www.integralbureau.com\/eng\/brcgs-registered-trainings\/"]}]},{"@type":"ImageObject","inLanguage":"en-US","@id":"https:\/\/www.integralbureau.com\/eng\/brcgs-registered-trainings\/#primaryimage","url":"https:\/\/www.integralbureau.com\/wp-content\/uploads\/2020\/05\/brckapak.jpg","contentUrl":"https:\/\/www.integralbureau.com\/wp-content\/uploads\/2020\/05\/brckapak.jpg"},{"@type":"BreadcrumbList","@id":"https:\/\/www.integralbureau.com\/eng\/brcgs-registered-trainings\/#breadcrumb","itemListElement":[{"@type":"ListItem","position":1,"name":"Anasayfa","item":"https:\/\/www.integralbureau.com\/eng\/"},{"@type":"ListItem","position":2,"name":"BRCGS Registered Trainings"}]},{"@type":"WebSite","@id":"https:\/\/www.integralbureau.com\/eng\/#website","url":"https:\/\/www.integralbureau.com\/eng\/","name":"Integral Bureau","description":"Education Consultancy Audit","potentialAction":[{"@type":"SearchAction","target":{"@type":"EntryPoint","urlTemplate":"https:\/\/www.integralbureau.com\/eng\/?s={search_term_string}"},"query-input":{"@type":"PropertyValueSpecification","valueRequired":true,"valueName":"search_term_string"}}],"inLanguage":"en-US"}]}},"_links":{"self":[{"href":"https:\/\/www.integralbureau.com\/eng\/wp-json\/wp\/v2\/pages\/112","targetHints":{"allow":["GET"]}}],"collection":[{"href":"https:\/\/www.integralbureau.com\/eng\/wp-json\/wp\/v2\/pages"}],"about":[{"href":"https:\/\/www.integralbureau.com\/eng\/wp-json\/wp\/v2\/types\/page"}],"author":[{"embeddable":true,"href":"https:\/\/www.integralbureau.com\/eng\/wp-json\/wp\/v2\/users\/1"}],"replies":[{"embeddable":true,"href":"https:\/\/www.integralbureau.com\/eng\/wp-json\/wp\/v2\/comments?post=112"}],"version-history":[{"count":4,"href":"https:\/\/www.integralbureau.com\/eng\/wp-json\/wp\/v2\/pages\/112\/revisions"}],"predecessor-version":[{"id":175,"href":"https:\/\/www.integralbureau.com\/eng\/wp-json\/wp\/v2\/pages\/112\/revisions\/175"}],"wp:attachment":[{"href":"https:\/\/www.integralbureau.com\/eng\/wp-json\/wp\/v2\/media?parent=112"}],"curies":[{"name":"wp","href":"https:\/\/api.w.org\/{rel}","templated":true}]}}