{"id":130,"date":"2021-08-05T13:50:54","date_gmt":"2021-08-05T10:50:54","guid":{"rendered":"https:\/\/www.integralbureau.com\/eng\/?page_id=130"},"modified":"2021-08-14T00:57:10","modified_gmt":"2021-08-13T21:57:10","slug":"contact-us","status":"publish","type":"page","link":"https:\/\/www.integralbureau.com\/eng\/contact-us\/","title":{"rendered":"Contact Us"},"content":{"rendered":"<p><section class=\"kc-elm kc-css-35640 kc_row\"><div class=\"kc-row-container  kc-container\"><div class=\"kc-wrap-columns\"><div class=\"kc-elm kc-css-925454 kc_col-sm-12 kc_column kc_col-sm-12\"><div class=\"kc-col-container\">  <div class=\"section-title  section-title-69df2cd577318 \">\r\n      <span><\/span>\r\n      <h2>Contact Us<\/h2>\r\n  <\/div>\r\n   <\/div><\/div><\/div><\/div><\/section><section class=\"kc-elm kc-css-254666 kc_row\"><div class=\"kc-row-container  kc-container  contact-pg-section\"><div class=\"kc-wrap-columns\"><div class=\"kc-elm kc-css-248172 kc_col-sm-7 kc_column kc_col-sm-7\"><div class=\"kc-col-container\">  <div class=\"contact-section  contact-section-69df2cd57797a \">\r\n    <div class=\"contact-content\">\r\n      <div class=\"text\">\r\n              <\/div>\r\n      <div class=\"contact-form row\">\r\n        [contact-form-7 id=\"5\"]      <\/div>\r\n    <\/div>\r\n  <\/div>\r\n  <div class=\"kc-elm kc-css-826710\" style=\"height: 20px; clear: both; width:100%;\"><\/div>     <div class=\"btns  btns-69df2cd577c74\">\r\n        <a class=\"theme-btn-s2\" href=\"https:\/\/www.integralbureau.com\/kisisel-verilerin-korunmasi-politikasi\/\" target=\"_blank\" title=\"\">\r\n          Our Personal Data Protection Policy        <\/a>\r\n     <\/div>\r\n\t\t<\/div><\/div><div class=\"kc-elm kc-css-4659 kc_col-sm-5 kc_column kc_col-sm-5\"><div class=\"kc-col-container\"><div class=\"contact-pg-section  contact-pg-section-69df2cd5780ce \"><div class=\"info-box-outer\"><div class=\"inner\"><h3>Contact<\/h3><p>You can visit us at any time and get information from all our communication channels.<\/p><ul><li><i class=\"sl-location-pin\"><\/i>Mall of Istanbul Residence Offices No:7 Floor:17 Flat:136 Ba\u015fak\u015fehir - \u0130stanbul - Turkey<\/li><li><i class=\"fa fa-phone\"><\/i>+90 212 982 69 07<\/li><li><i class=\"fa fa-envelope\"><\/i><a href=\"mailto:info@integralbureau.com\" class=\"iletis\">info@integralbureau.com<\/a><\/li><\/ul><\/div><\/div><\/div><\/div><\/div><\/div><\/div><\/section><\/p>\n","protected":false},"excerpt":{"rendered":"","protected":false},"author":1,"featured_media":0,"parent":0,"menu_order":0,"comment_status":"closed","ping_status":"closed","template":"","meta":{"footnotes":""},"class_list":["post-130","page","type-page","status-publish","hentry"],"yoast_head":"<!-- This site is optimized with the Yoast SEO plugin v27.4 - https:\/\/yoast.com\/product\/yoast-seo-wordpress\/ -->\n<title>Contact Us - Integral Bureau<\/title>\n<meta name=\"robots\" content=\"index, follow, max-snippet:-1, max-image-preview:large, max-video-preview:-1\" \/>\n<link rel=\"canonical\" href=\"https:\/\/www.integralbureau.com\/eng\/contact-us\/\" \/>\n<meta property=\"og:locale\" content=\"en_US\" \/>\n<meta property=\"og:type\" content=\"article\" \/>\n<meta property=\"og:title\" content=\"Contact Us - Integral Bureau\" \/>\n<meta property=\"og:description\" content=\"Contact Us [contact-form-7 404 &#8220;Not Found&#8221;] Our Personal Data Protection Policy Contact You can visit us at any time and get information from all our communication channels. Mall of Istanbul Residence Offices No:7 Floor:17 Flat:136 Ba\u015fak\u015fehir &#8211; \u0130stanbul &#8211; Turkey +90 212 982 69 07 info@integralbureau.com\" \/>\n<meta property=\"og:url\" content=\"https:\/\/www.integralbureau.com\/eng\/contact-us\/\" \/>\n<meta property=\"og:site_name\" content=\"Integral Bureau\" \/>\n<meta property=\"article:modified_time\" content=\"2021-08-13T21:57:10+00:00\" \/>\n<meta name=\"twitter:card\" content=\"summary_large_image\" \/>\n<script type=\"application\/ld+json\" class=\"yoast-schema-graph\">{\"@context\":\"https:\\\/\\\/schema.org\",\"@graph\":[{\"@type\":\"WebPage\",\"@id\":\"https:\\\/\\\/www.integralbureau.com\\\/eng\\\/contact-us\\\/\",\"url\":\"https:\\\/\\\/www.integralbureau.com\\\/eng\\\/contact-us\\\/\",\"name\":\"Contact Us - Integral Bureau\",\"isPartOf\":{\"@id\":\"https:\\\/\\\/www.integralbureau.com\\\/eng\\\/#website\"},\"datePublished\":\"2021-08-05T10:50:54+00:00\",\"dateModified\":\"2021-08-13T21:57:10+00:00\",\"breadcrumb\":{\"@id\":\"https:\\\/\\\/www.integralbureau.com\\\/eng\\\/contact-us\\\/#breadcrumb\"},\"inLanguage\":\"en-US\",\"potentialAction\":[{\"@type\":\"ReadAction\",\"target\":[\"https:\\\/\\\/www.integralbureau.com\\\/eng\\\/contact-us\\\/\"]}]},{\"@type\":\"BreadcrumbList\",\"@id\":\"https:\\\/\\\/www.integralbureau.com\\\/eng\\\/contact-us\\\/#breadcrumb\",\"itemListElement\":[{\"@type\":\"ListItem\",\"position\":1,\"name\":\"Anasayfa\",\"item\":\"https:\\\/\\\/www.integralbureau.com\\\/eng\\\/\"},{\"@type\":\"ListItem\",\"position\":2,\"name\":\"Contact Us\"}]},{\"@type\":\"WebSite\",\"@id\":\"https:\\\/\\\/www.integralbureau.com\\\/eng\\\/#website\",\"url\":\"https:\\\/\\\/www.integralbureau.com\\\/eng\\\/\",\"name\":\"Integral Bureau\",\"description\":\"Education Consultancy Audit\",\"potentialAction\":[{\"@type\":\"SearchAction\",\"target\":{\"@type\":\"EntryPoint\",\"urlTemplate\":\"https:\\\/\\\/www.integralbureau.com\\\/eng\\\/?s={search_term_string}\"},\"query-input\":{\"@type\":\"PropertyValueSpecification\",\"valueRequired\":true,\"valueName\":\"search_term_string\"}}],\"inLanguage\":\"en-US\"}]}<\/script>\n<!-- \/ Yoast SEO plugin. -->","yoast_head_json":{"title":"Contact Us - Integral Bureau","robots":{"index":"index","follow":"follow","max-snippet":"max-snippet:-1","max-image-preview":"max-image-preview:large","max-video-preview":"max-video-preview:-1"},"canonical":"https:\/\/www.integralbureau.com\/eng\/contact-us\/","og_locale":"en_US","og_type":"article","og_title":"Contact Us - Integral Bureau","og_description":"Contact Us [contact-form-7 404 &#8220;Not Found&#8221;] Our Personal Data Protection Policy Contact You can visit us at any time and get information from all our communication channels. Mall of Istanbul Residence Offices No:7 Floor:17 Flat:136 Ba\u015fak\u015fehir &#8211; \u0130stanbul &#8211; Turkey +90 212 982 69 07 info@integralbureau.com","og_url":"https:\/\/www.integralbureau.com\/eng\/contact-us\/","og_site_name":"Integral Bureau","article_modified_time":"2021-08-13T21:57:10+00:00","twitter_card":"summary_large_image","schema":{"@context":"https:\/\/schema.org","@graph":[{"@type":"WebPage","@id":"https:\/\/www.integralbureau.com\/eng\/contact-us\/","url":"https:\/\/www.integralbureau.com\/eng\/contact-us\/","name":"Contact Us - Integral Bureau","isPartOf":{"@id":"https:\/\/www.integralbureau.com\/eng\/#website"},"datePublished":"2021-08-05T10:50:54+00:00","dateModified":"2021-08-13T21:57:10+00:00","breadcrumb":{"@id":"https:\/\/www.integralbureau.com\/eng\/contact-us\/#breadcrumb"},"inLanguage":"en-US","potentialAction":[{"@type":"ReadAction","target":["https:\/\/www.integralbureau.com\/eng\/contact-us\/"]}]},{"@type":"BreadcrumbList","@id":"https:\/\/www.integralbureau.com\/eng\/contact-us\/#breadcrumb","itemListElement":[{"@type":"ListItem","position":1,"name":"Anasayfa","item":"https:\/\/www.integralbureau.com\/eng\/"},{"@type":"ListItem","position":2,"name":"Contact Us"}]},{"@type":"WebSite","@id":"https:\/\/www.integralbureau.com\/eng\/#website","url":"https:\/\/www.integralbureau.com\/eng\/","name":"Integral Bureau","description":"Education Consultancy Audit","potentialAction":[{"@type":"SearchAction","target":{"@type":"EntryPoint","urlTemplate":"https:\/\/www.integralbureau.com\/eng\/?s={search_term_string}"},"query-input":{"@type":"PropertyValueSpecification","valueRequired":true,"valueName":"search_term_string"}}],"inLanguage":"en-US"}]}},"_links":{"self":[{"href":"https:\/\/www.integralbureau.com\/eng\/wp-json\/wp\/v2\/pages\/130","targetHints":{"allow":["GET"]}}],"collection":[{"href":"https:\/\/www.integralbureau.com\/eng\/wp-json\/wp\/v2\/pages"}],"about":[{"href":"https:\/\/www.integralbureau.com\/eng\/wp-json\/wp\/v2\/types\/page"}],"author":[{"embeddable":true,"href":"https:\/\/www.integralbureau.com\/eng\/wp-json\/wp\/v2\/users\/1"}],"replies":[{"embeddable":true,"href":"https:\/\/www.integralbureau.com\/eng\/wp-json\/wp\/v2\/comments?post=130"}],"version-history":[{"count":6,"href":"https:\/\/www.integralbureau.com\/eng\/wp-json\/wp\/v2\/pages\/130\/revisions"}],"predecessor-version":[{"id":159,"href":"https:\/\/www.integralbureau.com\/eng\/wp-json\/wp\/v2\/pages\/130\/revisions\/159"}],"wp:attachment":[{"href":"https:\/\/www.integralbureau.com\/eng\/wp-json\/wp\/v2\/media?parent=130"}],"curies":[{"name":"wp","href":"https:\/\/api.w.org\/{rel}","templated":true}]}}